{"id":4000,"date":"2020-12-22T15:15:43","date_gmt":"2020-12-22T15:15:43","guid":{"rendered":"https:\/\/dryglo.com\/privacy-policy\/"},"modified":"2026-03-27T12:11:41","modified_gmt":"2026-03-27T12:11:41","slug":"tietosuojakaytanto","status":"publish","type":"page","link":"https:\/\/dryglo.com\/fi\/tietosuojakaytanto\/","title":{"rendered":"Tietosuojak\u00e4yt\u00e4nt\u00f6"},"content":{"rendered":"[vc_row type=&#8221;full_width_background&#8221; full_screen_row_position=&#8221;middle&#8221; column_margin=&#8221;default&#8221; column_direction=&#8221;default&#8221; column_direction_tablet=&#8221;default&#8221; column_direction_phone=&#8221;default&#8221; bg_image=&#8221;292&#8243; bg_position=&#8221;center center&#8221; background_image_loading=&#8221;default&#8221; bg_repeat=&#8221;no-repeat&#8221; scene_position=&#8221;center&#8221; top_padding=&#8221;180&#8243; bottom_padding=&#8221;180&#8243; top_padding_tablet=&#8221;45&#8243; bottom_padding_tablet=&#8221;45&#8243; text_color=&#8221;dark&#8221; text_align=&#8221;left&#8221; row_border_radius=&#8221;none&#8221; row_border_radius_applies=&#8221;bg&#8221; overflow=&#8221;visible&#8221; class=&#8221;boog-neg-wit-onder boog-omgedraaid&#8221; overlay_strength=&#8221;0.3&#8243; gradient_direction=&#8221;left_to_right&#8221; shape_divider_position=&#8221;bottom&#8221; bg_image_animation=&#8221;none&#8221; gradient_type=&#8221;default&#8221; shape_type=&#8221;&#8221;][vc_column column_padding=&#8221;no-extra-padding&#8221; column_padding_tablet=&#8221;inherit&#8221; column_padding_phone=&#8221;inherit&#8221; column_padding_position=&#8221;all&#8221; column_element_direction_desktop=&#8221;default&#8221; column_element_spacing=&#8221;default&#8221; desktop_text_alignment=&#8221;default&#8221; tablet_text_alignment=&#8221;default&#8221; phone_text_alignment=&#8221;default&#8221; background_color_opacity=&#8221;1&#8243; background_hover_color_opacity=&#8221;1&#8243; column_backdrop_filter=&#8221;none&#8221; column_shadow=&#8221;none&#8221; column_border_radius=&#8221;none&#8221; column_link_target=&#8221;_self&#8221; column_position=&#8221;default&#8221; gradient_direction=&#8221;left_to_right&#8221; overlay_strength=&#8221;0.3&#8243; width=&#8221;1\/1&#8243; tablet_width_inherit=&#8221;default&#8221; animation_type=&#8221;default&#8221; bg_image_animation=&#8221;none&#8221; border_type=&#8221;simple&#8221; column_border_width=&#8221;none&#8221; column_border_style=&#8221;solid&#8221;][vc_row_inner column_margin=&#8221;default&#8221; column_direction=&#8221;default&#8221; column_direction_tablet=&#8221;default&#8221; column_direction_phone=&#8221;default&#8221; text_align=&#8221;left&#8221; row_position=&#8221;default&#8221; row_position_tablet=&#8221;inherit&#8221; row_position_phone=&#8221;inherit&#8221; overflow=&#8221;visible&#8221; pointer_events=&#8221;all&#8221;][vc_column_inner column_padding=&#8221;no-extra-padding&#8221; column_padding_tablet=&#8221;inherit&#8221; column_padding_phone=&#8221;inherit&#8221; column_padding_position=&#8221;all&#8221; column_element_direction_desktop=&#8221;default&#8221; column_element_spacing=&#8221;default&#8221; desktop_text_alignment=&#8221;default&#8221; tablet_text_alignment=&#8221;default&#8221; phone_text_alignment=&#8221;default&#8221; background_color_opacity=&#8221;1&#8243; background_hover_color_opacity=&#8221;1&#8243; column_backdrop_filter=&#8221;none&#8221; column_shadow=&#8221;none&#8221; column_border_radius=&#8221;none&#8221; column_link_target=&#8221;_self&#8221; overflow=&#8221;visible&#8221; gradient_direction=&#8221;left_to_right&#8221; overlay_strength=&#8221;0.3&#8243; width=&#8221;1\/2&#8243; tablet_width_inherit=&#8221;default&#8221; animation_type=&#8221;default&#8221; enable_animation=&#8221;true&#8221; animation=&#8221;fade-in-from-left&#8221; animation_easing=&#8221;default&#8221; bg_image_animation=&#8221;none&#8221; border_type=&#8221;simple&#8221; column_border_width=&#8221;none&#8221; column_border_style=&#8221;solid&#8221; column_padding_type=&#8221;default&#8221; gradient_type=&#8221;default&#8221;][vc_column_text el_class=&#8221;home-h1&#8243;]\n<h1>Tietosuojak\u00e4yt\u00e4nt\u00f6<\/h1>\n[\/vc_column_text][\/vc_column_inner][vc_column_inner column_padding=&#8221;no-extra-padding&#8221; column_padding_tablet=&#8221;inherit&#8221; column_padding_phone=&#8221;inherit&#8221; column_padding_position=&#8221;all&#8221; column_element_direction_desktop=&#8221;default&#8221; column_element_spacing=&#8221;default&#8221; desktop_text_alignment=&#8221;default&#8221; tablet_text_alignment=&#8221;default&#8221; phone_text_alignment=&#8221;default&#8221; background_color_opacity=&#8221;1&#8243; background_hover_color_opacity=&#8221;1&#8243; column_backdrop_filter=&#8221;none&#8221; column_shadow=&#8221;none&#8221; column_border_radius=&#8221;none&#8221; column_link_target=&#8221;_self&#8221; overflow=&#8221;visible&#8221; gradient_direction=&#8221;left_to_right&#8221; overlay_strength=&#8221;0.3&#8243; width=&#8221;1\/2&#8243; tablet_width_inherit=&#8221;default&#8221; animation_type=&#8221;default&#8221; bg_image_animation=&#8221;none&#8221; border_type=&#8221;simple&#8221; column_border_width=&#8221;none&#8221; column_border_style=&#8221;solid&#8221;][vc_column_text][\/vc_column_text][\/vc_column_inner][\/vc_row_inner][\/vc_column][\/vc_row][vc_row type=&#8221;in_container&#8221; full_screen_row_position=&#8221;middle&#8221; column_margin=&#8221;default&#8221; column_direction=&#8221;default&#8221; column_direction_tablet=&#8221;default&#8221; column_direction_phone=&#8221;default&#8221; scene_position=&#8221;center&#8221; text_color=&#8221;dark&#8221; text_align=&#8221;left&#8221; row_border_radius=&#8221;none&#8221; row_border_radius_applies=&#8221;bg&#8221; overflow=&#8221;visible&#8221; overlay_strength=&#8221;0.3&#8243; gradient_direction=&#8221;left_to_right&#8221; shape_divider_position=&#8221;bottom&#8221; bg_image_animation=&#8221;none&#8221;][vc_column column_padding=&#8221;no-extra-padding&#8221; column_padding_tablet=&#8221;inherit&#8221; column_padding_phone=&#8221;inherit&#8221; column_padding_position=&#8221;all&#8221; column_element_direction_desktop=&#8221;default&#8221; column_element_spacing=&#8221;default&#8221; desktop_text_alignment=&#8221;default&#8221; tablet_text_alignment=&#8221;default&#8221; phone_text_alignment=&#8221;default&#8221; background_color_opacity=&#8221;1&#8243; background_hover_color_opacity=&#8221;1&#8243; column_backdrop_filter=&#8221;none&#8221; column_shadow=&#8221;none&#8221; column_border_radius=&#8221;none&#8221; column_link_target=&#8221;_self&#8221; column_position=&#8221;default&#8221; gradient_direction=&#8221;left_to_right&#8221; overlay_strength=&#8221;0.3&#8243; width=&#8221;1\/1&#8243; tablet_width_inherit=&#8221;default&#8221; animation_type=&#8221;default&#8221; bg_image_animation=&#8221;none&#8221; border_type=&#8221;simple&#8221; column_border_width=&#8221;none&#8221; column_border_style=&#8221;solid&#8221;][vc_column_text]\n<p class=\"p1\"><strong>YKSITYISYYS- JA EV\u00c4STEK\u00c4YT\u00c4NT\u00d6<\/strong><\/p>\n<p>TheOTClab B.V., kotipaikka Fred. Roeskestraat 115, 1076 EE Amsterdam, Alankomaat (j\u00e4ljemp\u00e4n\u00e4 &#8221;OTC&#8221;) on sitoutunut kunnioittamaan yksityisyytt\u00e4si.<\/p>\n<p>Henkil\u00f6tietojasi uhataan aina sovellettavien tietosuojalakien (mukaan lukien Euroopan yleinen tietosuoja-asetus &#8211; GDPR) mukaisesti. T\u00e4ss\u00e4 tietosuoja- ja ev\u00e4stek\u00e4yt\u00e4nn\u00f6ss\u00e4 (j\u00e4ljemp\u00e4n\u00e4 &#8221;k\u00e4yt\u00e4nt\u00f6&#8221;) kerrotaan, miten OTC k\u00e4sittelee henkil\u00f6tietoja, jotka annat t\u00e4m\u00e4n verkkosivuston kautta.<\/p>\n<p class=\"p4\"><strong>YLEIST\u00c4<\/strong><\/p>\n<p class=\"p3\">T\u00e4m\u00e4n verkkosivuston k\u00e4ytt\u00f6 on t\u00e4m\u00e4n k\u00e4yt\u00e4nn\u00f6n alaista. Koska t\u00e4t\u00e4 k\u00e4yt\u00e4nt\u00f6\u00e4 voidaan muuttaa milloin tahansa ilman ennakkoilmoitusta, on sinun vastuullasi tutustua t\u00e4h\u00e4n k\u00e4yt\u00e4nt\u00f6\u00f6n s\u00e4\u00e4nn\u00f6llisesti.<\/p>\n<p class=\"p4\"><strong>KER\u00c4TYT HENKIL\u00d6TIEDOT<\/strong><\/p>\n<p>OTC, rekisterinpit\u00e4j\u00e4, on vastuussa henkil\u00f6tietojesi k\u00e4sittelyst\u00e4. OTC voi ker\u00e4t\u00e4 ja k\u00e4sitell\u00e4 seuraavia henkil\u00f6tietoja sinusta:<\/p>\n<p>IP-osoite, joka sinulle on annettu yhteyden aikana;<\/p>\n<p>p\u00e4iv\u00e4m\u00e4\u00e4r\u00e4 ja kellonaika, jolloin k\u00e4yt\u00e4t t\u00e4t\u00e4 verkkosivustoa;<\/p>\n<p>k\u00e4ytetyt sivut;<\/p>\n<p>k\u00e4ytetyn selaimen tyyppi;<\/p>\n<p>tietokoneellesi asennettu alusta ja\/tai k\u00e4ytt\u00f6j\u00e4rjestelm\u00e4;<\/p>\n<p>Google Analyticsin yhteydess\u00e4 saadut tiedot; ja<\/p>\n<p>hakukone ja avainsanat, joilla verkkosivusto l\u00f6ydettiin; ja<\/p>\n<p>henkil\u00f6tiedot, jotka annat t\u00e4m\u00e4n verkkosivuston kautta. OTC:lle antamiasi henkil\u00f6tietoja voivat olla syntym\u00e4aika, nimi, osoite, s\u00e4hk\u00f6postiosoite, puhelinnumero ja kiinnostuksen kohteet tuotteisiin.<\/p>\n<p class=\"p3\"><strong>HENKIL\u00d6TIETOJEN K\u00c4SITTELYN TARKOITUKSET<\/strong><\/p>\n<p>OTC sek\u00e4 yhteis\u00f6t, joiden kanssa OTC jakaa henkil\u00f6tietojasi, voivat k\u00e4ytt\u00e4\u00e4 n\u00e4it\u00e4 henkil\u00f6tietoja ainoastaan seuraaviin tarkoituksiin:<\/p>\n<p>antaa sinulle t\u00e4m\u00e4n verkkosivuston kautta pyyt\u00e4mi\u00e4si erityistietoja;<\/p>\n<p>OTC:n tuotteisiin ja niiden ymp\u00e4rist\u00f6\u00f6n liittyvien myynninedist\u00e4mistarjousten tekeminen, mukaan lukien mahdolliset kolmannet osapuolet, joiden kanssa OTC tekee yhteisty\u00f6t\u00e4; ja t\u00e4m\u00e4n verkkosivuston eri osioiden k\u00e4vij\u00e4m\u00e4\u00e4rien mittaaminen, mukaan lukien t\u00e4m\u00e4n verkkosivuston parantaminen.<\/p>\n<p>Lis\u00e4ksi OTC voi k\u00e4ytt\u00e4\u00e4 nimett\u00f6mi\u00e4 tietoja muun muassa t\u00e4m\u00e4n verkkosivuston parantamiseen.<\/p>\n<p class=\"p4\"><strong>HENKIL\u00d6TIETOJESI K\u00c4SITTELYN OIKEUSPERUSTA<\/strong><\/p>\n<p>OTC k\u00e4ytt\u00e4\u00e4 henkil\u00f6tietojasi oikeutettujen etujensa perusteella, jotka liittyv\u00e4t yhteydenpitoon kanssasi, tuotteiden ja palveluiden markkinointiin ja tarjonnan parantamiseen.<\/p>\n<p>OTC on punninnut etujasi, oikeuksiasi ja vapauksiasi suhteessa OTC:n oikeutettuihin etuihin ja katsoo, ett\u00e4 kun otetaan huomioon tarjottu avoimuus ja henkil\u00f6tietojasi koskevat oikeutesi, OTC ei vaikuta olennaisesti mihink\u00e4\u00e4n etuihisi, oikeuksiisi ja vapauksiisi k\u00e4sittelem\u00e4ll\u00e4 henkil\u00f6tietojasi.<\/p>\n<p class=\"p4\"><strong>HENKIL\u00d6TIETOJESI LUOVUTTAMINEN<\/strong><\/p>\n<p>OTC voi luovuttaa henkil\u00f6tietojasi kenelle tahansa OTC:n konsernin j\u00e4senelle. Lis\u00e4ksi OTC voi luovuttaa henkil\u00f6tietojasi kolmansille osapuolille vain seuraavissa tapauksissa:<\/p>\n<p>Siin\u00e4 tapauksessa, ett\u00e4 OTC on solminut liiketoimintakumppanuuden j\u00e4lleenmyyjien, terveysfoorumien tai myynninedist\u00e4miskumppaneiden kanssa. N\u00e4m\u00e4 yhteis\u00f6t voivat k\u00e4ytt\u00e4\u00e4 henkil\u00f6tietojasi tehd\u00e4kseen ennusteita kiinnostuksen kohteistasi ja voivat toimittaa sinulle myynninedist\u00e4mismateriaalia, mainoksia ja muuta materiaalia.<\/p>\n<p>jos OTC:ll\u00e4 on velvollisuus luovuttaa tai jakaa henkil\u00f6tietojasi jonkin oikeudellisen tai viranomaisvelvoitteen tai pyynn\u00f6n noudattamiseksi.<\/p>\n<p class=\"p4\"><strong>HENKIL\u00d6TIETOJEN SIIRTO EUROOPAN TALOUSALUEEN ULKOPUOLELLE<\/strong><\/p>\n<p>OTC voi jakaa antamiasi henkil\u00f6tietoja kolmansille osapuolille, jotka voivat olla Euroopan talousalueen (ETA) ulkopuolella.<\/p>\n<p>Jos henkil\u00f6tietojasi siirret\u00e4\u00e4n ETA:n ulkopuolella sijaitseville kolmansille osapuolille, OTC on sitoutunut toteuttamaan asianmukaiset toimenpiteet sen varmistamiseksi, ett\u00e4 henkil\u00f6tietosi pysyv\u00e4t suojattuina ja turvallisina, kun ne siirret\u00e4\u00e4n ETA:n ulkopuolelle, sovellettavien tietosuojalakien mukaisesti.<\/p>\n<p>Jollei sinulle toisin ilmoiteta, henkil\u00f6tietojesi siirto ETA:n ulkopuolisille kolmansille osapuolille perustuu tietosuojan riitt\u00e4vyytt\u00e4 koskevaan p\u00e4\u00e4t\u00f6kseen tai EU:n vakiosopimuslausekkeisiin (kopio n\u00e4ist\u00e4 on saatavissa alla olevien yhteystietojen kautta).<\/p>\n<p class=\"p4\"><strong>SUHTEELLISUUS JA TIETOJEN S\u00c4ILYTT\u00c4MINEN<\/strong><\/p>\n<p>OTC ker\u00e4\u00e4 ja k\u00e4sittelee henkil\u00f6tietojasi vain silloin, kun ne ovat olennaisia ja oikeassa suhteessa niihin tarkoituksiin, joita varten ne on ker\u00e4tty.<\/p>\n<p>OTC m\u00e4\u00e4ritt\u00e4\u00e4 henkil\u00f6tietojesi s\u00e4ilytysajan seuraavien s\u00e4ilytysaikakriteerien perusteella:<\/p>\n<p>OTC s\u00e4ilytt\u00e4\u00e4 henkil\u00f6tietojasi niin kauan kuin on tarpeen sen tarkoituksen saavuttamiseksi, jota varten ne on ker\u00e4tty (kuten edell\u00e4 on esitetty);<\/p>\n<p>OTC s\u00e4ilytt\u00e4\u00e4 henkil\u00f6tietojasi niin kauan kuin sopimus tai sovellettava laki sit\u00e4 edellytt\u00e4\u00e4.<\/p>\n<p class=\"p3\"><strong>OIKEUTESI REKISTER\u00d6ITYN\u00c4<\/strong><\/p>\n<p>Sinulla on oikeus (sovellettavien tietosuojalakien ehtojen ja poikkeusten mukaisesti):<\/p>\n<p>kysy\u00e4 OTC:lt\u00e4 henkil\u00f6tietojesi k\u00e4sittelyst\u00e4, mukaan lukien saada kopio henkil\u00f6tietojesi<\/p>\n<p>henkil\u00f6tiedoistasi;<\/p>\n<p>pyyt\u00e4\u00e4 henkil\u00f6tietojesi korjaamista ja\/tai poistamista;<\/p>\n<p>pyyt\u00e4\u00e4 henkil\u00f6tietojesi k\u00e4sittelyn rajoittamista tai vastustaa k\u00e4sittely\u00e4;<\/p>\n<p>pyyt\u00e4\u00e4 OTC:lle antamiesi henkil\u00f6tietojen vastaanottamista tai siirt\u00e4mist\u00e4 toiselle organisaatiolle koneellisesti luettavassa muodossa; javalittaa paikalliselle valvontaviranomaiselle, jos tietosuojaoikeuksiasi on loukattu tai jos olet k\u00e4rsinyt henkil\u00f6tietojesi lainvastaisesta k\u00e4sittelyst\u00e4. T\u00e4t\u00e4 varten voit ottaa yhteytt\u00e4 OTC:hen ottamalla yhteytt\u00e4 OTC:n oikeudelliseen osastoon l\u00e4hett\u00e4m\u00e4ll\u00e4 s\u00e4hk\u00f6postia osoitteeseen info@theotclab.com. Oikeudellinen osasto tutkii ja arvioi pyynt\u00f6si ja ottaa sinuun yhteytt\u00e4.<\/p>\n<p>Jos sinulle annetaan mahdollisuus jakaa henkil\u00f6tietojasi kanssamme, voit aina kielt\u00e4yty\u00e4 siit\u00e4. Jos vastustat henkil\u00f6tietojesi k\u00e4sittely\u00e4, OTC kunnioittaa t\u00e4t\u00e4 valintaa lakis\u00e4\u00e4teisten velvoitteidensa mukaisesti. T\u00e4m\u00e4 voi tarkoittaa, ett\u00e4 OTC ei pysty suorittamaan henkil\u00f6tietojen k\u00e4sittelyn tarkoituksia k\u00e4sittelev\u00e4n osion kohdassa 3 kuvattuja k\u00e4sittelytarkoituksia varten tarvittavia toimia.<\/p>\n<p>OTC on sitoutunut toteuttamaan kaikki asianmukaiset tekniset ja organisatoriset toimenpiteet henkil\u00f6tietojesi suojaamiseksi vahingossa tapahtuvalta tai luvattomalta tuhoamiselta, vahingossa tapahtuvalta h\u00e4vi\u00e4miselt\u00e4 ja muuttamiselta, p\u00e4\u00e4sylta ja muulta luvattomalta henkil\u00f6tietojen k\u00e4sittelylt\u00e4.<\/p>\n<p class=\"p4\"><strong>COOKIESIN K\u00c4YTT\u00d6<\/strong><\/p>\n<p class=\"p6\"><strong>Yleist\u00e4<\/strong><\/p>\n<p>Helpottaakseen navigointia verkkosivustolla ja optimoidakseen teknisen hallinnan OTC voi k\u00e4ytt\u00e4\u00e4 ev\u00e4steit\u00e4 ja muita palveluita analysoidakseen t\u00e4m\u00e4n verkkosivuston liikennett\u00e4.<\/p>\n<p>Ev\u00e4ste on pieni tieto, jonka verkkosivusto tallentaa tietokoneellesi. T\u00e4m\u00e4 ev\u00e4ste voidaan hakea, kun vierailet my\u00f6hemmin samalla verkkosivustolla. Ev\u00e4stett\u00e4 ei voi lukea mik\u00e4\u00e4n muu verkkosivusto kuin se, joka sen loi. Useimmat ev\u00e4steet ovat voimassa vain istunnon tai vierailun ajan. Mik\u00e4\u00e4n niist\u00e4 ei sis\u00e4ll\u00e4 tietoja, joiden avulla sinuun voidaan ottaa yhteytt\u00e4 puhelimitse, s\u00e4hk\u00f6postitse tai postitse. Useimmat selaimet on asetettu hyv\u00e4ksym\u00e4\u00e4n ev\u00e4steet automaattisesti. On kuitenkin mahdollista m\u00e4\u00e4ritt\u00e4\u00e4 selaimesi niin, ett\u00e4 se ilmoittaa aina, kun ev\u00e4ste luodaan, tai est\u00e4\u00e4 sen rekister\u00f6innin.<\/p>\n<p class=\"p6\"><strong>Ev\u00e4stetyypit<\/strong><\/p>\n<p>OTC voi k\u00e4ytt\u00e4\u00e4 yht\u00e4 tai useampaa seuraavista ev\u00e4stetyypeist\u00e4:<\/p>\n<p>ev\u00e4steet, joita tarvitaan t\u00e4m\u00e4n verkkosivuston k\u00e4ytt\u00e4miseen, esimerkiksi jotta k\u00e4vij\u00e4 voi pysy\u00e4 yhteydess\u00e4 tiliins\u00e4;<\/p>\n<p>ev\u00e4steet, joilla seurataan t\u00e4m\u00e4n verkkosivuston k\u00e4ytt\u00f6\u00e4, jotta voidaan laatia tilastoraportteja t\u00e4m\u00e4n verkkosivuston k\u00e4yt\u00f6st\u00e4 tunnistamatta yksitt\u00e4isi\u00e4 verkkosivuston k\u00e4ytt\u00e4ji\u00e4;<\/p>\n<p>ev\u00e4steet, jotka ovat v\u00e4ltt\u00e4m\u00e4tt\u00f6mi\u00e4 t\u00e4m\u00e4n verkkosivuston asianmukaisen ja tehokkaan toiminnan kannalta, mukaan lukien ev\u00e4steet, joiden avulla t\u00e4m\u00e4 verkkosivusto voi tallentaa asetuksesi; ja<\/p>\n<p>ev\u00e4steet, joilla seurataan t\u00e4m\u00e4n verkkosivuston k\u00e4ytt\u00e4jien k\u00e4ytt\u00e4ytymist\u00e4, jotta n\u00e4ille k\u00e4ytt\u00e4jille voidaan tarjota erityisi\u00e4 mainoksia, tarjouksia tai myynninedist\u00e4mistoimia muilla verkkosivustoilla.<\/p>\n<p class=\"p6\"><strong>Mit\u00e4 tehd\u00e4, jos et halua ev\u00e4steit\u00e4?<\/strong><\/p>\n<p>K\u00e4ytt\u00e4m\u00e4ll\u00e4 t\u00e4t\u00e4 verkkosivustoa annat OTC:lle oletusarvoisesti luvan tallentaa ev\u00e4steit\u00e4 tietokoneellesi. Jos et halua t\u00e4m\u00e4n verkkosivuston tallentavan ev\u00e4steit\u00e4 tietokoneellesi, voit est\u00e4\u00e4 ev\u00e4steiden k\u00e4yt\u00f6n (esim. m\u00e4\u00e4ritt\u00e4m\u00e4ll\u00e4 selaimesi niin, ett\u00e4 se hylk\u00e4\u00e4 kaikki ev\u00e4steet) ja\/tai poistaa tietokoneellesi jo tallennetut ev\u00e4steet.<\/p>\n<p>Huomaa kuitenkin, ett\u00e4 kun poistat ev\u00e4steet k\u00e4yt\u00f6st\u00e4, tietyt toiminnot eiv\u00e4t ehk\u00e4 ole en\u00e4\u00e4 k\u00e4ytett\u00e4viss\u00e4 t\u00e4ll\u00e4 verkkosivustolla.<\/p>\n<p class=\"p4\"><strong>SEVERABIILISUUS<\/strong><\/p>\n<p class=\"p3\">Jos toimivaltainen tuomioistuin julistaa jonkin osan t\u00e4st\u00e4 vakuutusk\u00e4yt\u00e4nn\u00f6st\u00e4 p\u00e4tem\u00e4tt\u00f6m\u00e4ksi tai t\u00e4yt\u00e4nt\u00f6\u00f6npanokelvottomaksi, t\u00e4m\u00e4 ei vaikuta t\u00e4m\u00e4n vakuutusk\u00e4yt\u00e4nn\u00f6n muiden osien p\u00e4tevyyteen, ja n\u00e4m\u00e4 j\u00e4ljell\u00e4 olevat osat pysyv\u00e4t t\u00e4ysin voimassa, ik\u00e4\u00e4n kuin t\u00e4m\u00e4n vakuutusk\u00e4yt\u00e4nn\u00f6n p\u00e4tem\u00e4t\u00f6n osa olisi poistettu.<\/p>\n<p class=\"p4\"><strong>YHTEYSTIEDOT<\/strong><\/p>\n<p class=\"p3\">Voit esitt\u00e4\u00e4 OTC:lle pyynt\u00f6j\u00e4 tai kysymyksi\u00e4, jotka liittyv\u00e4t t\u00e4h\u00e4n verkkosivustoon ja\/tai t\u00e4h\u00e4n k\u00e4yt\u00e4nt\u00f6\u00f6n, l\u00e4hett\u00e4m\u00e4ll\u00e4 s\u00e4hk\u00f6postia osoitteeseen info@theotclab.com.<\/p>\n<p class=\"p4\"><strong>SOVELLETTAVA LAINS\u00c4\u00c4D\u00c4NT\u00d6<\/strong><\/p>\n<p class=\"p3\">T\u00e4h\u00e4n verkkosivustoon, sen sis\u00e4lt\u00f6\u00f6n ja k\u00e4yt\u00e4nt\u00f6\u00f6n sovelletaan Alankomaiden lakia, ja kaikki siihen liittyv\u00e4t riidat kuuluvat Amsterdamin, Alankomaiden tuomioistuinten toimivaltaan.<\/p>\n[\/vc_column_text][\/vc_column][\/vc_row][vc_row type=&#8221;in_container&#8221; full_screen_row_position=&#8221;middle&#8221; column_margin=&#8221;default&#8221; column_direction=&#8221;default&#8221; column_direction_tablet=&#8221;default&#8221; column_direction_phone=&#8221;default&#8221; scene_position=&#8221;center&#8221; text_color=&#8221;dark&#8221; text_align=&#8221;left&#8221; row_border_radius=&#8221;none&#8221; row_border_radius_applies=&#8221;bg&#8221; overflow=&#8221;visible&#8221; overlay_strength=&#8221;0.3&#8243; gradient_direction=&#8221;left_to_right&#8221; shape_divider_position=&#8221;bottom&#8221; bg_image_animation=&#8221;none&#8221;][vc_column column_padding=&#8221;no-extra-padding&#8221; column_padding_tablet=&#8221;inherit&#8221; column_padding_phone=&#8221;inherit&#8221; column_padding_position=&#8221;all&#8221; column_element_direction_desktop=&#8221;default&#8221; column_element_spacing=&#8221;default&#8221; desktop_text_alignment=&#8221;default&#8221; tablet_text_alignment=&#8221;default&#8221; phone_text_alignment=&#8221;default&#8221; background_color_opacity=&#8221;1&#8243; background_hover_color_opacity=&#8221;1&#8243; column_backdrop_filter=&#8221;none&#8221; column_shadow=&#8221;none&#8221; column_border_radius=&#8221;none&#8221; column_link_target=&#8221;_self&#8221; column_position=&#8221;default&#8221; gradient_direction=&#8221;left_to_right&#8221; overlay_strength=&#8221;0.3&#8243; width=&#8221;1\/1&#8243; tablet_width_inherit=&#8221;default&#8221; animation_type=&#8221;default&#8221; bg_image_animation=&#8221;none&#8221; border_type=&#8221;simple&#8221; column_border_width=&#8221;none&#8221; column_border_style=&#8221;solid&#8221;][nectar_global_section id=&#8221;31230&#8243;][\/vc_column][\/vc_row]\n","protected":false},"excerpt":{"rendered":"<p>[vc_row type=&#8221;full_width_background&#8221; full_screen_row_position=&#8221;middle&#8221; column_margin=&#8221;default&#8221; column_direction=&#8221;default&#8221; column_direction_tablet=&#8221;default&#8221; column_direction_phone=&#8221;default&#8221; bg_image=&#8221;292&#8243; bg_position=&#8221;center center&#8221; background_image_loading=&#8221;default&#8221; bg_repeat=&#8221;no-repeat&#8221; scene_position=&#8221;center&#8221; top_padding=&#8221;180&#8243; bottom_padding=&#8221;180&#8243; top_padding_tablet=&#8221;45&#8243; bottom_padding_tablet=&#8221;45&#8243; text_color=&#8221;dark&#8221; text_align=&#8221;left&#8221; row_border_radius=&#8221;none&#8221; row_border_radius_applies=&#8221;bg&#8221; overflow=&#8221;visible&#8221; class=&#8221;boog-neg-wit-onder boog-omgedraaid&#8221; overlay_strength=&#8221;0.3&#8243; gradient_direction=&#8221;left_to_right&#8221; shape_divider_position=&#8221;bottom&#8221; bg_image_animation=&#8221;none&#8221; gradient_type=&#8221;default&#8221; shape_type=&#8221;&#8221;][vc_column&#8230;<\/p>\n","protected":false},"author":3,"featured_media":0,"parent":0,"menu_order":0,"comment_status":"closed","ping_status":"closed","template":"","meta":{"footnotes":""},"class_list":["post-4000","page","type-page","status-publish"],"_links":{"self":[{"href":"https:\/\/dryglo.com\/fi\/wp-json\/wp\/v2\/pages\/4000","targetHints":{"allow":["GET"]}}],"collection":[{"href":"https:\/\/dryglo.com\/fi\/wp-json\/wp\/v2\/pages"}],"about":[{"href":"https:\/\/dryglo.com\/fi\/wp-json\/wp\/v2\/types\/page"}],"author":[{"embeddable":true,"href":"https:\/\/dryglo.com\/fi\/wp-json\/wp\/v2\/users\/3"}],"replies":[{"embeddable":true,"href":"https:\/\/dryglo.com\/fi\/wp-json\/wp\/v2\/comments?post=4000"}],"version-history":[{"count":10,"href":"https:\/\/dryglo.com\/fi\/wp-json\/wp\/v2\/pages\/4000\/revisions"}],"predecessor-version":[{"id":35352,"href":"https:\/\/dryglo.com\/fi\/wp-json\/wp\/v2\/pages\/4000\/revisions\/35352"}],"wp:attachment":[{"href":"https:\/\/dryglo.com\/fi\/wp-json\/wp\/v2\/media?parent=4000"}],"curies":[{"name":"wp","href":"https:\/\/api.w.org\/{rel}","templated":true}]}}